{"id":6845,"date":"2025-05-28T11:58:39","date_gmt":"2025-05-28T11:58:39","guid":{"rendered":"https:\/\/staging.uaw.wordpress.projects.sma-dev.de\/?page_id=6845"},"modified":"2025-09-18T16:06:02","modified_gmt":"2025-09-18T16:06:02","slug":"bienvenue-sur-le-portail-de-sauvegarde-de-united-against-waste-food","status":"publish","type":"page","link":"https:\/\/staging.uaw.wordpress.projects.sma-dev.de\/fr\/bienvenue-sur-le-portail-de-sauvegarde-de-united-against-waste-food\/","title":{"rendered":"Bienvenue sur le portail de sauvegarde de United Against Waste Food!"},"content":{"rendered":"\n<p id=\"tw-target-text\">D\u00e9couvrez le portail pratique central destin\u00e9 \u00e0 toutes celles et tous ceux qui souhaitent r\u00e9duire activement le gaspillage alimentaire. Vous y trouverez un savoir-faire condens\u00e9, des exemples inspirants de bonnes pratiques et des offres de formation concr\u00e8tes \u2013 le tout r\u00e9guli\u00e8rement mis \u00e0 jour.<\/p>\n\n\n\n<p id=\"tw-target-text\">Que vous poursuiviez des objectifs pr\u00e9cis ou que vous souhaitiez simplement approfondir vos connaissances : nous vous accompagnons pour d\u00e9velopper votre savoir-faire en mati\u00e8re de r\u00e9duction du gaspillage alimentaire, le rendre mesurable et mettre en \u0153uvre des solutions efficaces.<\/p>\n\n\n\n","protected":false},"excerpt":{"rendered":"<p>D\u00e9couvrez le portail pratique central destin\u00e9 \u00e0 toutes celles et tous ceux qui souhaitent r\u00e9duire activement le gaspillage alimentaire. Vous y trouverez un savoir-faire condens\u00e9, des exemples inspirants de bonnes pratiques et des offres de formation concr\u00e8tes \u2013 le tout&#8230;<\/p>\n","protected":false},"author":148,"featured_media":0,"parent":0,"menu_order":0,"comment_status":"closed","ping_status":"closed","template":"page-portal.php","meta":{"inline_featured_image":false,"footnotes":""},"folder":[],"class_list":["post-6845","page","type-page","status-publish","hentry"],"acf":[],"_links":{"self":[{"href":"https:\/\/staging.uaw.wordpress.projects.sma-dev.de\/fr\/wp-json\/wp\/v2\/pages\/6845","targetHints":{"allow":["GET"]}}],"collection":[{"href":"https:\/\/staging.uaw.wordpress.projects.sma-dev.de\/fr\/wp-json\/wp\/v2\/pages"}],"about":[{"href":"https:\/\/staging.uaw.wordpress.projects.sma-dev.de\/fr\/wp-json\/wp\/v2\/types\/page"}],"author":[{"embeddable":true,"href":"https:\/\/staging.uaw.wordpress.projects.sma-dev.de\/fr\/wp-json\/wp\/v2\/users\/148"}],"replies":[{"embeddable":true,"href":"https:\/\/staging.uaw.wordpress.projects.sma-dev.de\/fr\/wp-json\/wp\/v2\/comments?post=6845"}],"version-history":[{"count":2,"href":"https:\/\/staging.uaw.wordpress.projects.sma-dev.de\/fr\/wp-json\/wp\/v2\/pages\/6845\/revisions"}],"predecessor-version":[{"id":6874,"href":"https:\/\/staging.uaw.wordpress.projects.sma-dev.de\/fr\/wp-json\/wp\/v2\/pages\/6845\/revisions\/6874"}],"wp:attachment":[{"href":"https:\/\/staging.uaw.wordpress.projects.sma-dev.de\/fr\/wp-json\/wp\/v2\/media?parent=6845"}],"wp:term":[{"taxonomy":"folder","embeddable":true,"href":"https:\/\/staging.uaw.wordpress.projects.sma-dev.de\/fr\/wp-json\/wp\/v2\/folder?post=6845"}],"curies":[{"name":"wp","href":"https:\/\/api.w.org\/{rel}","templated":true}]}}